{"id":3,"date":"2026-02-23T10:11:53","date_gmt":"2026-02-23T08:11:53","guid":{"rendered":"\/?page_id=3"},"modified":"2026-04-24T15:26:38","modified_gmt":"2026-04-24T13:26:38","slug":"datenschutzerklaerung","status":"publish","type":"page","link":"https:\/\/www.marinaschwarz.de\/?page_id=3","title":{"rendered":"Datenschutzerkl\u00e4rung"},"content":{"rendered":"\n<p>1. Einleitung und Verantwortliche Stelle<\/p>\n\n\n\n<p>Diese Datenschutzerkl\u00e4rung kl\u00e4rt dich \u00fcber die Art, den Umfang und Zweck der Verarbeitung von personenbezogenen Daten (nachfolgend kurz \u201eDaten\u201c) innerhalb meines Onlineangebotes sowie der mit ihm verbundenen Webseiten und externen Onlinepr\u00e4senzen, wie z.B. mein Social-Media-Profil, auf.<\/p>\n\n\n\n<p>Verantwortliche f\u00fcr die Datenverarbeitung: Marina Schwarz Consulting Zur Bachwiese 11 56769 Bereborn E-Mail-Adresse: <a href=\"mailto:kontakt@marinaschwarz.de\">kontakt@marinaschwarz.de<\/a> Impressum: <a href=\"http:\/\/www.marinaschwarz.de\/impressum\">www.marinaschwarz.de\/impressum<\/a><\/p>\n\n\n\n<p>2. Umfang und Zweck der Datenverarbeitung sowie Begrifflichkeiten<\/p>\n\n\n\n<p>Im Rahmen meiner Beratungst\u00e4tigkeit und des Betriebs dieser Webseite verarbeite ich personenbezogene Daten. Personenbezogene Daten sind alle Informationen, die sich auf eine identifizierte oder identifizierbare nat\u00fcrliche Person beziehen. Als Verarbeitung gilt jeder mit oder ohne Hilfe automatisierter Verfahren ausgef\u00fchrte Vorgang oder jede solche Vorgangsreihe im Zusammenhang mit personenbezogenen Daten. Verantwortlicher ist die nat\u00fcrliche oder juristische Person, die allein oder gemeinsam mit anderen \u00fcber die Zwecke und Mittel der Verarbeitung von personenbezogenen Daten entscheidet.<\/p>\n\n\n\n<p>Arten der verarbeiteten Daten: Im Rahmen meiner Beratungst\u00e4tigkeit und des Betriebs dieser Webseite verarbeite ich folgende Kategorien von Daten: Bestandsdaten: (z. B. Namen, Adressen). Kontaktdaten: (z. B. E-Mail-Adressen, Telefonnummern). Inhaltsdaten: (z. B. Texteingaben in Formularen oder E-Mails). Vertragsdaten: (z. B. Vertragsgegenstand, Laufzeit, Kundenkategorie). Zahlungsdaten: (z. B. Bankverbindungen, Rechnungshistorie). Nutzungsdaten: (z. B. besuchte Webseiten, Interesse an Inhalten, Zugriffszeiten). Meta- und Kommunikationsdaten: (z. B. Ger\u00e4te-Informationen, IP-Adressen).<\/p>\n\n\n\n<p>Kategorien betroffener Personen: Die Verarbeitung betrifft Besucher und Nutzer meines Onlineangebotes sowie meine Kunden, Interessenten und sonstigen Gesch\u00e4ftspartner, die nachfolgend zusammenfassend als Nutzer bezeichnet werden.<\/p>\n\n\n\n<p>Zweck der Verarbeitung: Ich verarbeite deine Daten zu folgenden Zwecken: Zurverf\u00fcgungstellung des Onlineangebotes: Bereitstellung der Webseite, ihrer Funktionen und Inhalte. Vertragliche Leistungen: Erbringung meiner Beratungsleistungen, Kundenservice und Pflege der Kundenbeziehung. Kommunikation: Beantwortung von Kontaktanfragen und Kommunikation mit Nutzern, zum Beispiel via E-Mail oder LinkedIn. Administration und Organisation: Durchf\u00fchrung von Verwaltungsaufgaben, Finanzbuchhaltung, B\u00fcroorganisation und Archivierung von Daten, die zur Aufrechterhaltung des Gesch\u00e4ftsbetriebs notwendig sind. Sicherheitsma\u00dfnahmen: Schutz der Website und der Daten\u00fcbertragung, zum Beispiel durch SSL- bzw. TLS-Verschl\u00fcsselung.<\/p>\n\n\n\n<p>3. Ma\u00dfgebliche Rechtsgrundlagen<\/p>\n\n\n\n<p>Nach Ma\u00dfgabe des Art. 13 DSGVO teile ich dir die Rechtsgrundlagen meiner Datenverarbeitungen mit:<\/p>\n\n\n\n<ul class=\"wp-block-list\">\n<li>Einwilligungen: Art. 6 Abs. 1 lit. a und Art. 7 DSGVO.<\/li>\n\n\n\n<li>Vertragserf\u00fcllung &amp; vorvertragliche Anfragen: Art. 6 Abs. 1 lit. b DSGVO.<\/li>\n\n\n\n<li>Rechtliche Verpflichtungen: Art. 6 Abs. 1 lit. c DSGVO.<\/li>\n\n\n\n<li>Wahrnehmung berechtigter Interessen: Art. 6 Abs. 1 lit. f DSGVO.<\/li>\n<\/ul>\n\n\n\n<p>4. Sicherheitsma\u00dfnahmen<\/p>\n\n\n\n<p>Ich treffe nach Ma\u00dfgabe der gesetzlichen Vorgaben geeignete technische und organisatorische Ma\u00dfnahmen, um ein dem Risiko angemessenes Schutzniveau zu gew\u00e4hrleisten. Diese Website nutzt zudem aus Sicherheitsgr\u00fcnden und zum Schutz der \u00dcbertragung vertraulicher Inhalte eine SSL- bzw. TLS-Verschl\u00fcsselung. Du kannst eine verschl\u00fcsselte Verbindung an der Zeichenfolge \u201ehttps:\/\/\u201c und dem Schloss-Symbol in deiner Browserzeile erkennen.<\/p>\n\n\n\n<p>5. Hosting und E-Mail-Versand<\/p>\n\n\n\n<p>Die von mir in Anspruch genommenen Hosting-Leistungen dienen der Zurverf\u00fcgungstellung von Infrastruktur, Rechenkapazit\u00e4t, Speicherplatz und E-Mail-Versand f\u00fcr den Betrieb dieses Onlineangebotes. Mein Hostinganbieter ist goneo. Hierbei werden Bestands-, Kontakt-, Inhalts-, Vertrags- sowie Nutzungsdaten von Kunden und Besuchern auf Grundlage meiner berechtigten Interessen an einer effizienten und sicheren Zurverf\u00fcgungstellung dieses Onlineangebotes verarbeitet.<\/p>\n\n\n\n<p>6. Erbringung der Beratungsleistungen und Kontaktaufnahme<\/p>\n\n\n\n<p>Im Rahmen meiner Nachhaltigkeitsberatung sowie zur Organisation meines Betriebs verarbeite ich Daten, um meine vertraglichen Leistungen zu erbringen oder Anfragen zu bearbeiten. Die Kommunikation erfolgt klassisch per E-Mail, Telefon oder Videokonferenzen. Bei der Kontaktaufnahme werden deine Angaben zur Bearbeitung der Kontaktanfrage und deren Abwicklung gem\u00e4\u00df Art. 6 Abs. 1 lit. b. (vertragliche\/vorvertragliche Beziehungen) oder Art. 6 Abs. 1 lit. f. (andere Anfragen) DSGVO verarbeitet.<\/p>\n\n\n\n<p>7. Onlinepr\u00e4senz in sozialen Medien (LinkedIn)<\/p>\n\n\n\n<p>Ich unterhalte eine Onlinepr\u00e4senz auf LinkedIn, um mit den dort aktiven Nutzern kommunizieren und \u00fcber meine Leistungen informieren zu k\u00f6nnen. Dabei k\u00f6nnen Daten der Nutzer au\u00dferhalb der Europ\u00e4ischen Union verarbeitet werden. Die Verarbeitung der personenbezogenen Daten erfolgt auf Grundlage meiner berechtigten Interessen an einer effektiven Information und Kommunikation gem\u00e4\u00df Art. 6 Abs. 1 lit. f. DSGVO.<\/p>\n\n\n\n<p>8. Deine Rechte als betroffene Person<\/p>\n\n\n\n<p>Dir stehen folgende Rechte nach der DSGVO zu:<\/p>\n\n\n\n<ul class=\"wp-block-list\">\n<li>Auskunftsrecht: Du kannst eine Best\u00e4tigung dar\u00fcber verlangen, ob betreffende Daten verarbeitet werden, und Auskunft \u00fcber diese Daten sowie eine Kopie verlangen.<\/li>\n\n\n\n<li>Berichtigung: Du hast das Recht, die Vervollst\u00e4ndigung oder Berichtigung unrichtiger Daten zu verlangen.<\/li>\n\n\n\n<li>L\u00f6schung &amp; Einschr\u00e4nkung: Du kannst die unverz\u00fcgliche L\u00f6schung deiner Daten oder eine Einschr\u00e4nkung der Verarbeitung verlangen.<\/li>\n\n\n\n<li>Daten\u00fcbertragbarkeit: Du hast das Recht, Daten, die du mir bereitgestellt hast, in einem strukturierten Format zu erhalten.<\/li>\n\n\n\n<li>Widerrufsrecht: Du kannst erteilte Einwilligungen mit Wirkung f\u00fcr die Zukunft widerrufen.<\/li>\n\n\n\n<li>Widerspruchsrecht: Du kannst der k\u00fcnftigen Verarbeitung deiner Daten jederzeit widersprechen.<\/li>\n\n\n\n<li>Beschwerderecht: Du hast das Recht, eine Beschwerde bei der zust\u00e4ndigen Aufsichtsbeh\u00f6rde einzureichen.<\/li>\n<\/ul>\n\n\n\n<p>9. L\u00f6schung von Daten<\/p>\n\n\n\n<p>Die von mir verarbeiteten Daten werden nach Ma\u00dfgabe der gesetzlichen Vorgaben gel\u00f6scht oder in ihrer Verarbeitung eingeschr\u00e4nkt. Sofern nicht ausdr\u00fccklich anders angegeben, werden Daten gel\u00f6scht, sobald sie f\u00fcr ihre Zweckbestimmung nicht mehr erforderlich sind und keine gesetzlichen Aufbewahrungspflichten (z. B. aus handels- oder steuerrechtlichen Gr\u00fcnden) entgegenstehen.<\/p>\n","protected":false},"excerpt":{"rendered":"<p>1. Einleitung und Verantwortliche Stelle Diese Datenschutzerkl\u00e4rung kl\u00e4rt dich \u00fcber die Art, den Umfang und Zweck der Verarbeitung von personenbezogenen Daten (nachfolgend kurz \u201eDaten\u201c) innerhalb &hellip;<\/p>\n","protected":false},"author":1,"featured_media":0,"parent":21,"menu_order":13,"comment_status":"closed","ping_status":"closed","template":"","meta":{"footnotes":""},"class_list":["post-3","page","type-page","status-publish","hentry"],"_links":{"self":[{"href":"https:\/\/www.marinaschwarz.de\/index.php?rest_route=\/wp\/v2\/pages\/3","targetHints":{"allow":["GET"]}}],"collection":[{"href":"https:\/\/www.marinaschwarz.de\/index.php?rest_route=\/wp\/v2\/pages"}],"about":[{"href":"https:\/\/www.marinaschwarz.de\/index.php?rest_route=\/wp\/v2\/types\/page"}],"author":[{"embeddable":true,"href":"https:\/\/www.marinaschwarz.de\/index.php?rest_route=\/wp\/v2\/users\/1"}],"replies":[{"embeddable":true,"href":"https:\/\/www.marinaschwarz.de\/index.php?rest_route=%2Fwp%2Fv2%2Fcomments&post=3"}],"version-history":[{"count":2,"href":"https:\/\/www.marinaschwarz.de\/index.php?rest_route=\/wp\/v2\/pages\/3\/revisions"}],"predecessor-version":[{"id":140,"href":"https:\/\/www.marinaschwarz.de\/index.php?rest_route=\/wp\/v2\/pages\/3\/revisions\/140"}],"up":[{"embeddable":true,"href":"https:\/\/www.marinaschwarz.de\/index.php?rest_route=\/wp\/v2\/pages\/21"}],"wp:attachment":[{"href":"https:\/\/www.marinaschwarz.de\/index.php?rest_route=%2Fwp%2Fv2%2Fmedia&parent=3"}],"curies":[{"name":"wp","href":"https:\/\/api.w.org\/{rel}","templated":true}]}}