{"id":49,"date":"2026-04-24T15:26:38","date_gmt":"2026-04-24T13:26:38","guid":{"rendered":"https:\/\/www.marinaschwarz.de\/?page_id=49"},"modified":"2026-04-24T15:26:38","modified_gmt":"2026-04-24T13:26:38","slug":"about","status":"publish","type":"page","link":"https:\/\/www.marinaschwarz.de\/?page_id=49","title":{"rendered":"About"},"content":{"rendered":"\n<div class=\"wp-block-media-text alignwide is-stacked-on-mobile is-vertically-aligned-center is-image-fill-element\" style=\"grid-template-columns:56% auto\"><figure class=\"wp-block-media-text__media\"><img loading=\"lazy\" decoding=\"async\" width=\"1024\" height=\"1008\" src=\"https:\/\/www.marinaschwarz.de\/wp-content\/uploads\/2026\/04\/DSC1603-1-1024x1008.jpg\" alt=\"\" class=\"wp-image-114 size-full\" style=\"object-position:50% 50%\" srcset=\"https:\/\/www.marinaschwarz.de\/wp-content\/uploads\/2026\/04\/DSC1603-1-1024x1008.jpg 1024w, https:\/\/www.marinaschwarz.de\/wp-content\/uploads\/2026\/04\/DSC1603-1-300x295.jpg 300w, https:\/\/www.marinaschwarz.de\/wp-content\/uploads\/2026\/04\/DSC1603-1-768x756.jpg 768w, https:\/\/www.marinaschwarz.de\/wp-content\/uploads\/2026\/04\/DSC1603-1-1536x1512.jpg 1536w, https:\/\/www.marinaschwarz.de\/wp-content\/uploads\/2026\/04\/DSC1603-1-2048x2017.jpg 2048w, https:\/\/www.marinaschwarz.de\/wp-content\/uploads\/2026\/04\/DSC1603-1-305x300.jpg 305w\" sizes=\"auto, (max-width: 1024px) 100vw, 1024px\" \/><\/figure><div class=\"wp-block-media-text__content\">\n<div style=\"height:100px\" aria-hidden=\"true\" class=\"wp-block-spacer\"><\/div>\n\n\n\n<p><\/p>\n\n\n\n<h2 class=\"wp-block-heading has-text-color\" style=\"color:#000000;font-size:32px\"><strong>\u00dcber mich<\/strong><\/h2>\n\n\n\n<p class=\"has-text-color\" style=\"color:#000000;font-size:17px\">Ich bringe Struktur in die ESG\u2011\u00dcberforderung &#8211; mit einem Auge f\u00fcr Regulatorik, einem Hang zu sauberem Arbeiten und genug Energie, um EcoVadis, Reporting und THG\u2011Bilanzierung endlich vom \u201eirgendwie mitlaufen\u201c ins \u201el\u00e4uft\u201c zu bringen<\/p>\n\n\n\n<p>Ich bringe Struktur, Klarheit und Ruhe in dieses Chaos &#8211; pragmatisch, verst\u00e4ndlich und ohne Buzzword\u2011Bingo.<\/p>\n\n\n\n<p class=\"has-text-color\" style=\"color:#000000;font-size:17px\">Mein Ziel ist immer dasselbe: Nachhaltigkeit so aufsetzen, dass sie steuerbar wird, Risiken reduziert und Stabilit\u00e4t st\u00e4rkt.<\/p>\n\n\n\n<div style=\"height:100px\" aria-hidden=\"true\" class=\"wp-block-spacer\"><\/div>\n\n\n\n<p><\/p>\n<\/div><\/div>\n\n\n\n<div class=\"wp-block-group alignfull is-content-justification-center\" style=\"margin-top:0;margin-bottom:0\"><div class=\"wp-block-group__inner-container is-layout-constrained wp-block-group-is-layout-constrained\">\n<div style=\"height:var(--wp--preset--spacing--20)\" aria-hidden=\"true\" class=\"wp-block-spacer\"><\/div>\n\n\n\n<div class=\"wp-block-group alignwide\"><div class=\"wp-block-group__inner-container is-layout-flow wp-block-group-is-layout-flow\">\n<div style=\"height:var(--wp--preset--spacing--20)\" aria-hidden=\"true\" class=\"wp-block-spacer\"><\/div>\n<\/div><\/div>\n\n\n\n<div style=\"height:var(--wp--preset--spacing--20)\" aria-hidden=\"true\" class=\"wp-block-spacer\"><\/div>\n<\/div><\/div>\n\n\n\n<p id=\"we-re-a-studio-in-berlin-with-an-international-practice-in-architecture-urban-planning-and-interior-design-we-believe-in-sharing-knowledge-and-promoting-dialogue-to-increase-the-creative-potential-of-collaboration\"><\/p>\n\n\n\n<h1 class=\"wp-block-heading\">Das sagen meine Kunden<\/h1>\n\n\n\n<hr class=\"wp-block-separator has-css-opacity is-style-default\"\/>\n\n\n\n<blockquote class=\"wp-block-quote has-text-align-center is-style-large is-layout-flow wp-block-quote-is-layout-flow\">\n<p>\u201eMir hat die Arbeit mit Ihnen immer (oder wegen des Themas eher \u201emeistens\u201c \ud83d\ude09) Spa\u00df gemacht und ich habe h\u00e4ufig Ihre Geduld bewundert, wenn wir mehrfach die Marschrichtung ge\u00e4ndert haben und Sie trotzdem immer auf alles durch gutes Fachwissen eine Antwort\/L\u00f6sung parat hatten.\u201c<\/p>\n<\/blockquote>\n\n\n\n<hr class=\"wp-block-separator has-css-opacity is-style-default\"\/>\n\n\n\n<blockquote class=\"wp-block-quote has-text-align-center is-style-large is-layout-flow wp-block-quote-is-layout-flow\">\n<p>\u201eOhne deine Unterst\u00fctzung h\u00e4tten wir gar nicht gewusst, wo wir anfangen und wie wir den Fragebogen ausf\u00fcllen sollten &#8211; jetzt haben wir ein super Ergebnis mit wenig internem Aufwand und einen klaren Fahrplan f\u00fcr die n\u00e4chsten 12 Monate. So macht EcoVadis Spa\u00df!&#8220;<\/p>\n<\/blockquote>\n\n\n\n<p><\/p>\n","protected":false},"excerpt":{"rendered":"<p>Das sagen meine Kunden \u201eMir hat die Arbeit mit Ihnen immer (oder wegen des Themas eher \u201emeistens\u201c \ud83d\ude09) Spa\u00df gemacht und ich habe h\u00e4ufig Ihre &hellip;<\/p>\n","protected":false},"author":3,"featured_media":0,"parent":21,"menu_order":12,"comment_status":"closed","ping_status":"closed","template":"","meta":{"footnotes":""},"class_list":["post-49","page","type-page","status-publish","hentry"],"_links":{"self":[{"href":"https:\/\/www.marinaschwarz.de\/index.php?rest_route=\/wp\/v2\/pages\/49","targetHints":{"allow":["GET"]}}],"collection":[{"href":"https:\/\/www.marinaschwarz.de\/index.php?rest_route=\/wp\/v2\/pages"}],"about":[{"href":"https:\/\/www.marinaschwarz.de\/index.php?rest_route=\/wp\/v2\/types\/page"}],"author":[{"embeddable":true,"href":"https:\/\/www.marinaschwarz.de\/index.php?rest_route=\/wp\/v2\/users\/3"}],"replies":[{"embeddable":true,"href":"https:\/\/www.marinaschwarz.de\/index.php?rest_route=%2Fwp%2Fv2%2Fcomments&post=49"}],"version-history":[{"count":7,"href":"https:\/\/www.marinaschwarz.de\/index.php?rest_route=\/wp\/v2\/pages\/49\/revisions"}],"predecessor-version":[{"id":125,"href":"https:\/\/www.marinaschwarz.de\/index.php?rest_route=\/wp\/v2\/pages\/49\/revisions\/125"}],"up":[{"embeddable":true,"href":"https:\/\/www.marinaschwarz.de\/index.php?rest_route=\/wp\/v2\/pages\/21"}],"wp:attachment":[{"href":"https:\/\/www.marinaschwarz.de\/index.php?rest_route=%2Fwp%2Fv2%2Fmedia&parent=49"}],"curies":[{"name":"wp","href":"https:\/\/api.w.org\/{rel}","templated":true}]}}